{"id":161,"date":"2022-06-23T13:22:47","date_gmt":"2022-06-23T13:22:47","guid":{"rendered":"https:\/\/parktotravel.it\/?page_id=161"},"modified":"2023-05-10T15:08:33","modified_gmt":"2023-05-10T15:08:33","slug":"parcheggio-aeroporto-caselle-torino","status":"publish","type":"page","link":"https:\/\/parktotravel.it\/?page_id=161","title":{"rendered":"Il nostro parcheggio"},"content":{"rendered":"\t\t<div data-elementor-type=\"wp-page\" data-elementor-id=\"161\" class=\"elementor elementor-161\">\n\t\t\t\t\t\t\t\t\t<section class=\"elementor-section elementor-top-section elementor-element elementor-element-bbe66ff elementor-section-boxed elementor-section-height-default elementor-section-height-default\" data-id=\"bbe66ff\" data-element_type=\"section\">\n\t\t\t\t\t\t<div class=\"elementor-container elementor-column-gap-default\">\n\t\t\t\t\t<div class=\"elementor-column elementor-col-100 elementor-top-column elementor-element elementor-element-0ad048a\" data-id=\"0ad048a\" data-element_type=\"column\">\n\t\t\t<div class=\"elementor-widget-wrap elementor-element-populated\">\n\t\t\t\t\t\t\t\t<div class=\"elementor-element elementor-element-bca5e58 elementor-widget elementor-widget-heading\" data-id=\"bca5e58\" data-element_type=\"widget\" data-widget_type=\"heading.default\">\n\t\t\t\t<div class=\"elementor-widget-container\">\n\t\t\t<style>\/*! elementor - v3.7.0 - 08-08-2022 *\/\n.elementor-heading-title{padding:0;margin:0;line-height:1}.elementor-widget-heading .elementor-heading-title[class*=elementor-size-]>a{color:inherit;font-size:inherit;line-height:inherit}.elementor-widget-heading .elementor-heading-title.elementor-size-small{font-size:15px}.elementor-widget-heading .elementor-heading-title.elementor-size-medium{font-size:19px}.elementor-widget-heading .elementor-heading-title.elementor-size-large{font-size:29px}.elementor-widget-heading .elementor-heading-title.elementor-size-xl{font-size:39px}.elementor-widget-heading .elementor-heading-title.elementor-size-xxl{font-size:59px}<\/style><h1 class=\"elementor-heading-title elementor-size-default\">PARCHEGGIO CASELLE AEROPORTO TORINO<\/h1>\t\t<\/div>\n\t\t\t\t<\/div>\n\t\t\t\t\t<\/div>\n\t\t<\/div>\n\t\t\t\t\t\t\t<\/div>\n\t\t<\/section>\n\t\t\t\t<section class=\"elementor-section elementor-top-section elementor-element elementor-element-00c3cf9 elementor-section-boxed elementor-section-height-default elementor-section-height-default\" data-id=\"00c3cf9\" data-element_type=\"section\">\n\t\t\t\t\t\t<div class=\"elementor-container elementor-column-gap-default\">\n\t\t\t\t\t<div class=\"elementor-column elementor-col-100 elementor-top-column elementor-element elementor-element-ab1e982\" data-id=\"ab1e982\" data-element_type=\"column\">\n\t\t\t<div class=\"elementor-widget-wrap elementor-element-populated\">\n\t\t\t\t\t\t\t\t<div class=\"elementor-element elementor-element-d9ebf9b elementor-widget elementor-widget-text-editor\" data-id=\"d9ebf9b\" data-element_type=\"widget\" data-widget_type=\"text-editor.default\">\n\t\t\t\t<div class=\"elementor-widget-container\">\n\t\t\t<style>\/*! elementor - v3.7.0 - 08-08-2022 *\/\n.elementor-widget-text-editor.elementor-drop-cap-view-stacked .elementor-drop-cap{background-color:#818a91;color:#fff}.elementor-widget-text-editor.elementor-drop-cap-view-framed .elementor-drop-cap{color:#818a91;border:3px solid;background-color:transparent}.elementor-widget-text-editor:not(.elementor-drop-cap-view-default) .elementor-drop-cap{margin-top:8px}.elementor-widget-text-editor:not(.elementor-drop-cap-view-default) .elementor-drop-cap-letter{width:1em;height:1em}.elementor-widget-text-editor .elementor-drop-cap{float:left;text-align:center;line-height:1;font-size:50px}.elementor-widget-text-editor .elementor-drop-cap-letter{display:inline-block}<\/style>\t\t\t\t<p>Il <b>parcheggio <\/b>di Park to Travel presso&nbsp;<span style=\"background-color: var(--ast-global-color-5); font-size: 1rem;\">l&#8217;aeroporto di <b>Torino Caselle<\/b>&nbsp;<\/span><span style=\"font-style: inherit; font-weight: inherit; background-color: var(--ast-global-color-5);\">\u00e8 la scelta ideale per la tua vacanza o viaggio di lavoro . Il nostro parcheggio offre una soluzione <\/span><span style=\"font-style: inherit; background-color: var(--ast-global-color-5);\"><b>sicura <\/b><\/span><span style=\"font-style: inherit; font-weight: inherit; background-color: var(--ast-global-color-5);\">e affidabile per la tua <\/span><span style=\"font-style: inherit; background-color: var(--ast-global-color-5);\"><b>auto <\/b><\/span><span style=\"font-style: inherit; font-weight: inherit; background-color: var(--ast-global-color-5);\">durante il tuo viaggio.<br><\/span><span style=\"font-style: inherit; font-weight: inherit; background-color: var(--ast-global-color-5);\">Il nostro <\/span><span style=\"font-style: inherit; background-color: var(--ast-global-color-5);\"><b>impegno <\/b><\/span><span style=\"font-style: inherit; font-weight: inherit; background-color: var(--ast-global-color-5);\">per la <\/span><span style=\"font-style: inherit; background-color: var(--ast-global-color-5);\"><b>sicurezza <\/b><\/span><span style=\"font-style: inherit; font-weight: inherit; background-color: var(--ast-global-color-5);\">\u00e8 al primo posto. Il parcheggio di Park to Travel \u00e8 dotato di <\/span><span style=\"font-style: inherit; background-color: var(--ast-global-color-5);\"><b>sistemi di allarme avanzati e telecamere di sorveglianza<\/b><\/span><span style=\"font-style: inherit; font-weight: inherit; background-color: var(--ast-global-color-5);\">, garantendo la <\/span><span style=\"font-style: inherit; background-color: var(--ast-global-color-5);\"><b>massima <\/b><\/span><span style=\"font-style: inherit; background-color: var(--ast-global-color-5);\"><b>protezione <\/b><\/span><span style=\"font-style: inherit; font-weight: inherit; background-color: var(--ast-global-color-5);\">per il tuo veicolo. Puoi goderti la tua vacanza con la tranquillit\u00e0 sapendo che la tua auto \u00e8 in ottime mani.<\/span><\/p>\n<p>La nostra struttura \u00e8 spaziosa e pu\u00f2 ospitare un gran numero di veicoli, garantendo sempre disponibilit\u00e0 di posti per i nostri clienti. Sia che tu viaggi durante le ore di punta o in orari notturni, il nostro <b>parcheggio <\/b>\u00e8 <b>aperto 24 ore su 24<\/b>, offrendo comodit\u00e0 e flessibilit\u00e0 per soddisfare le tue esigenze.&nbsp;<span style=\"font-style: inherit; font-weight: inherit; background-color: var(--ast-global-color-5);\">Il nostro personale altamente qualificato e cortese \u00e8 presente in loco per garantire un <\/span><span style=\"font-style: inherit; background-color: var(--ast-global-color-5);\"><b>servizio <\/b><\/span><span style=\"font-style: inherit; font-weight: inherit; background-color: var(--ast-global-color-5);\">di <\/span><span style=\"font-style: inherit; background-color: var(--ast-global-color-5);\"><b>custodia <\/b><\/span><span style=\"font-style: inherit; background-color: var(--ast-global-color-5);\"><b>professionale<\/b><\/span><span style=\"font-style: inherit; font-weight: inherit; background-color: var(--ast-global-color-5);\">. Puoi contare su di noi per prenderti cura del tuo veicolo mentre sei via, consentendoti di concentrarti completamente sul tuo <\/span><span style=\"font-style: inherit; background-color: var(--ast-global-color-5);\"><b>viaggio<\/b><\/span><span style=\"font-style: inherit; font-weight: inherit; background-color: var(--ast-global-color-5);\">.&nbsp;<\/span><span style=\"font-style: inherit; font-weight: inherit; background-color: var(--ast-global-color-5);\">Scegli Park to Travel per un parcheggio ampio, sicuro e custodito presso l<\/span><span style=\"font-style: inherit; background-color: var(--ast-global-color-5);\"><b>&#8216;aeroporto di Torino Caselle<\/b><\/span><span style=\"font-style: inherit; font-weight: inherit; background-color: var(--ast-global-color-5);\">. Prenota il tuo posto ora e viaggia con la certezza di avere il parcheggio ideale per il tuo veicolo. La tua tranquillit\u00e0 \u00e8 la nostra priorit\u00e0.&nbsp;<\/span><span style=\"font-style: inherit; font-weight: inherit; background-color: var(--ast-global-color-5);\">Il nostro parcheggio vanta pi\u00f9 di 500 posti auto, \u00e8 protetto e sorvegliato in modo da garantirti la massima sicurezza per la tua auto. I grandi spazi garantiscono un movimento delle auto privo di rischi e la nostra navetta \u00e8 attiva 24h su 24, pronta a trasportarti quando pi\u00f9 ti occorre.&nbsp;<\/span><\/p>\t\t\t\t\t\t<\/div>\n\t\t\t\t<\/div>\n\t\t\t\t\t<\/div>\n\t\t<\/div>\n\t\t\t\t\t\t\t<\/div>\n\t\t<\/section>\n\t\t\t\t<section class=\"elementor-section elementor-top-section elementor-element elementor-element-fb642b1 elementor-section-full_width elementor-section-height-default elementor-section-height-default\" data-id=\"fb642b1\" data-element_type=\"section\">\n\t\t\t\t\t\t<div class=\"elementor-container elementor-column-gap-no\">\n\t\t\t\t\t<div class=\"elementor-column elementor-col-100 elementor-top-column elementor-element elementor-element-6e51fa9\" data-id=\"6e51fa9\" data-element_type=\"column\">\n\t\t\t<div class=\"elementor-widget-wrap elementor-element-populated\">\n\t\t\t\t\t\t\t\t<div class=\"elementor-element elementor-element-0a372be elementor-widget elementor-widget-image\" data-id=\"0a372be\" data-element_type=\"widget\" data-widget_type=\"image.default\">\n\t\t\t\t<div class=\"elementor-widget-container\">\n\t\t\t<style>\/*! elementor - v3.7.0 - 08-08-2022 *\/\n.elementor-widget-image{text-align:center}.elementor-widget-image a{display:inline-block}.elementor-widget-image a img[src$=\".svg\"]{width:48px}.elementor-widget-image img{vertical-align:middle;display:inline-block}<\/style>\t\t\t\t\t\t\t\t\t\t\t\t<img loading=\"lazy\" decoding=\"async\" width=\"1024\" height=\"576\" src=\"https:\/\/parktotravel.it\/wp-content\/uploads\/2022\/08\/navetta-aeroporto-torino-caselle-parcheggio-1024x576.png\" class=\"attachment-large size-large\" alt=\"\" srcset=\"https:\/\/parktotravel.it\/wp-content\/uploads\/2022\/08\/navetta-aeroporto-torino-caselle-parcheggio-1024x576.png 1024w, https:\/\/parktotravel.it\/wp-content\/uploads\/2022\/08\/navetta-aeroporto-torino-caselle-parcheggio-300x169.png 300w, https:\/\/parktotravel.it\/wp-content\/uploads\/2022\/08\/navetta-aeroporto-torino-caselle-parcheggio-768x432.png 768w, https:\/\/parktotravel.it\/wp-content\/uploads\/2022\/08\/navetta-aeroporto-torino-caselle-parcheggio-1536x864.png 1536w, https:\/\/parktotravel.it\/wp-content\/uploads\/2022\/08\/navetta-aeroporto-torino-caselle-parcheggio.png 1920w\" sizes=\"auto, (max-width: 1024px) 100vw, 1024px\" \/>\t\t\t\t\t\t\t\t\t\t\t\t\t\t\t<\/div>\n\t\t\t\t<\/div>\n\t\t\t\t\t<\/div>\n\t\t<\/div>\n\t\t\t\t\t\t\t<\/div>\n\t\t<\/section>\n\t\t\t\t<section class=\"elementor-section elementor-top-section elementor-element elementor-element-94cad2c elementor-section-boxed elementor-section-height-default elementor-section-height-default\" data-id=\"94cad2c\" data-element_type=\"section\">\n\t\t\t\t\t\t<div class=\"elementor-container elementor-column-gap-default\">\n\t\t\t\t\t<div class=\"elementor-column elementor-col-100 elementor-top-column elementor-element elementor-element-b44c04d\" data-id=\"b44c04d\" data-element_type=\"column\">\n\t\t\t<div class=\"elementor-widget-wrap elementor-element-populated\">\n\t\t\t\t\t\t\t\t<div class=\"elementor-element elementor-element-5199017 elementor-widget elementor-widget-spacer\" data-id=\"5199017\" data-element_type=\"widget\" data-widget_type=\"spacer.default\">\n\t\t\t\t<div class=\"elementor-widget-container\">\n\t\t\t<style>\/*! elementor - v3.7.0 - 08-08-2022 *\/\n.elementor-column .elementor-spacer-inner{height:var(--spacer-size)}.e-container{--container-widget-width:100%}.e-container>.elementor-widget-spacer{width:var(--container-widget-width,var(--spacer-size));-ms-flex-item-align:stretch;align-self:stretch;-ms-flex-negative:0;flex-shrink:0}.e-container>.elementor-widget-spacer>.elementor-widget-container,.e-container>.elementor-widget-spacer>.elementor-widget-container>.elementor-spacer{height:100%}.e-container>.elementor-widget-spacer>.elementor-widget-container>.elementor-spacer>.elementor-spacer-inner{height:var(--container-widget-height,var(--spacer-size))}<\/style>\t\t<div class=\"elementor-spacer\">\n\t\t\t<div class=\"elementor-spacer-inner\"><\/div>\n\t\t<\/div>\n\t\t\t\t<\/div>\n\t\t\t\t<\/div>\n\t\t\t\t\t<\/div>\n\t\t<\/div>\n\t\t\t\t\t\t\t<\/div>\n\t\t<\/section>\n\t\t\t\t<section class=\"elementor-section elementor-top-section elementor-element elementor-element-d4bcf89 elementor-section-content-middle elementor-section-boxed elementor-section-height-default elementor-section-height-default\" data-id=\"d4bcf89\" data-element_type=\"section\" data-settings=\"{&quot;background_background&quot;:&quot;classic&quot;}\">\n\t\t\t\t\t\t<div class=\"elementor-container elementor-column-gap-no\">\n\t\t\t\t\t<div class=\"elementor-column elementor-col-50 elementor-top-column elementor-element elementor-element-23879ae\" data-id=\"23879ae\" data-element_type=\"column\">\n\t\t\t<div class=\"elementor-widget-wrap elementor-element-populated\">\n\t\t\t\t\t\t\t\t<div class=\"elementor-element elementor-element-287479b elementor-widget elementor-widget-heading\" data-id=\"287479b\" data-element_type=\"widget\" data-widget_type=\"heading.default\">\n\t\t\t\t<div class=\"elementor-widget-container\">\n\t\t\t<h2 class=\"elementor-heading-title elementor-size-default\">PRENOTA ORA E DECOLLA<\/h2>\t\t<\/div>\n\t\t\t\t<\/div>\n\t\t\t\t\t<\/div>\n\t\t<\/div>\n\t\t\t\t<div class=\"elementor-column elementor-col-50 elementor-top-column elementor-element elementor-element-bd807f6\" data-id=\"bd807f6\" data-element_type=\"column\">\n\t\t\t<div class=\"elementor-widget-wrap elementor-element-populated\">\n\t\t\t\t\t\t\t\t<div class=\"elementor-element elementor-element-48647bb elementor-align-justify elementor-widget elementor-widget-button\" data-id=\"48647bb\" data-element_type=\"widget\" data-widget_type=\"button.default\">\n\t\t\t\t<div class=\"elementor-widget-container\">\n\t\t\t\t\t<div class=\"elementor-button-wrapper\">\n\t\t\t<a href=\"#\" class=\"elementor-button-link elementor-button elementor-size-md\" role=\"button\">\n\t\t\t\t\t\t<span class=\"elementor-button-content-wrapper\">\n\t\t\t\t\t\t<span class=\"elementor-button-text\">PRENOTA ORA<\/span>\n\t\t<\/span>\n\t\t\t\t\t<\/a>\n\t\t<\/div>\n\t\t\t\t<\/div>\n\t\t\t\t<\/div>\n\t\t\t\t\t<\/div>\n\t\t<\/div>\n\t\t\t\t\t\t\t<\/div>\n\t\t<\/section>\n\t\t\t\t<section class=\"elementor-section elementor-top-section elementor-element elementor-element-a55a8cd elementor-section-boxed elementor-section-height-default elementor-section-height-default\" data-id=\"a55a8cd\" data-element_type=\"section\">\n\t\t\t\t\t\t<div class=\"elementor-container elementor-column-gap-default\">\n\t\t\t\t\t<div class=\"elementor-column elementor-col-100 elementor-top-column elementor-element elementor-element-467a142\" data-id=\"467a142\" data-element_type=\"column\">\n\t\t\t<div class=\"elementor-widget-wrap elementor-element-populated\">\n\t\t\t\t\t\t\t\t<div class=\"elementor-element elementor-element-982d9e8 elementor-widget elementor-widget-spacer\" data-id=\"982d9e8\" data-element_type=\"widget\" data-widget_type=\"spacer.default\">\n\t\t\t\t<div class=\"elementor-widget-container\">\n\t\t\t\t\t<div class=\"elementor-spacer\">\n\t\t\t<div class=\"elementor-spacer-inner\"><\/div>\n\t\t<\/div>\n\t\t\t\t<\/div>\n\t\t\t\t<\/div>\n\t\t\t\t\t<\/div>\n\t\t<\/div>\n\t\t\t\t\t\t\t<\/div>\n\t\t<\/section>\n\t\t\t\t\t\t\t<\/div>\n\t\t","protected":false},"excerpt":{"rendered":"<p>PARCHEGGIO CASELLE AEROPORTO TORINO Il parcheggio di Park to Travel presso&nbsp;l&#8217;aeroporto di Torino Caselle&nbsp;\u00e8 la scelta ideale per la tua vacanza o viaggio di lavoro . Il nostro parcheggio offre una soluzione sicura e affidabile per la tua auto durante il tuo viaggio.Il nostro impegno per la sicurezza \u00e8 al primo posto. Il parcheggio di &hellip;<\/p>\n<p class=\"read-more\"> <a class=\"\" href=\"https:\/\/parktotravel.it\/?page_id=161\"> <span class=\"screen-reader-text\">Il nostro parcheggio<\/span> Leggi altro &raquo;<\/a><\/p>\n","protected":false},"author":2,"featured_media":0,"parent":0,"menu_order":0,"comment_status":"closed","ping_status":"closed","template":"","meta":{"site-sidebar-layout":"no-sidebar","site-content-layout":"page-builder","ast-global-header-display":"","ast-main-header-display":"","ast-hfb-above-header-display":"","ast-hfb-below-header-display":"","ast-hfb-mobile-header-display":"","site-post-title":"disabled","ast-breadcrumbs-content":"","ast-featured-img":"disabled","footer-sml-layout":"","theme-transparent-header-meta":"","adv-header-id-meta":"","stick-header-meta":"","header-above-stick-meta":"","header-main-stick-meta":"","header-below-stick-meta":"","footnotes":""},"class_list":["post-161","page","type-page","status-publish","hentry"],"yoast_head":"<!-- This site is optimized with the Yoast SEO plugin v19.5.1 - https:\/\/yoast.com\/wordpress\/plugins\/seo\/ -->\n<title>Il nostro parcheggio - Park to travel<\/title>\n<meta name=\"robots\" content=\"index, follow, max-snippet:-1, max-image-preview:large, max-video-preview:-1\" \/>\n<link rel=\"canonical\" href=\"https:\/\/parktotravel.it\/?page_id=161\" \/>\n<meta property=\"og:locale\" content=\"it_IT\" \/>\n<meta property=\"og:type\" content=\"article\" \/>\n<meta property=\"og:title\" content=\"Il nostro parcheggio - Park to travel\" \/>\n<meta property=\"og:description\" content=\"PARCHEGGIO CASELLE AEROPORTO TORINO Il parcheggio di Park to Travel presso&nbsp;l&#8217;aeroporto di Torino Caselle&nbsp;\u00e8 la scelta ideale per la tua vacanza o viaggio di lavoro . Il nostro parcheggio offre una soluzione sicura e affidabile per la tua auto durante il tuo viaggio.Il nostro impegno per la sicurezza \u00e8 al primo posto. Il parcheggio di &hellip; Il nostro parcheggio Leggi altro &raquo;\" \/>\n<meta property=\"og:url\" content=\"https:\/\/parktotravel.it\/?page_id=161\" \/>\n<meta property=\"og:site_name\" content=\"Park to travel\" \/>\n<meta property=\"article:modified_time\" content=\"2023-05-10T15:08:33+00:00\" \/>\n<meta property=\"og:image\" content=\"https:\/\/parktotravel.it\/wp-content\/uploads\/2022\/08\/navetta-aeroporto-torino-caselle-parcheggio-1024x576.png\" \/>\n<meta name=\"twitter:card\" content=\"summary_large_image\" \/>\n<meta name=\"twitter:label1\" content=\"Tempo di lettura stimato\" \/>\n\t<meta name=\"twitter:data1\" content=\"1 minuto\" \/>\n<script type=\"application\/ld+json\" class=\"yoast-schema-graph\">{\"@context\":\"https:\/\/schema.org\",\"@graph\":[{\"@type\":\"WebPage\",\"@id\":\"https:\/\/parktotravel.it\/?page_id=161\",\"url\":\"https:\/\/parktotravel.it\/?page_id=161\",\"name\":\"Il nostro parcheggio - Park to travel\",\"isPartOf\":{\"@id\":\"https:\/\/parktotravel.it\/#website\"},\"datePublished\":\"2022-06-23T13:22:47+00:00\",\"dateModified\":\"2023-05-10T15:08:33+00:00\",\"breadcrumb\":{\"@id\":\"https:\/\/parktotravel.it\/?page_id=161#breadcrumb\"},\"inLanguage\":\"it-IT\",\"potentialAction\":[{\"@type\":\"ReadAction\",\"target\":[\"https:\/\/parktotravel.it\/?page_id=161\"]}]},{\"@type\":\"BreadcrumbList\",\"@id\":\"https:\/\/parktotravel.it\/?page_id=161#breadcrumb\",\"itemListElement\":[{\"@type\":\"ListItem\",\"position\":1,\"name\":\"Home\",\"item\":\"https:\/\/parktotravel.it\/\"},{\"@type\":\"ListItem\",\"position\":2,\"name\":\"Il nostro parcheggio\"}]},{\"@type\":\"WebSite\",\"@id\":\"https:\/\/parktotravel.it\/#website\",\"url\":\"https:\/\/parktotravel.it\/\",\"name\":\"Park to travel\",\"description\":\"Parcheggia e decolla\",\"publisher\":{\"@id\":\"https:\/\/parktotravel.it\/#organization\"},\"potentialAction\":[{\"@type\":\"SearchAction\",\"target\":{\"@type\":\"EntryPoint\",\"urlTemplate\":\"https:\/\/parktotravel.it\/?s={search_term_string}\"},\"query-input\":\"required name=search_term_string\"}],\"inLanguage\":\"it-IT\"},{\"@type\":\"Organization\",\"@id\":\"https:\/\/parktotravel.it\/#organization\",\"name\":\"Park to travel\",\"url\":\"https:\/\/parktotravel.it\/\",\"sameAs\":[],\"logo\":{\"@type\":\"ImageObject\",\"inLanguage\":\"it-IT\",\"@id\":\"https:\/\/parktotravel.it\/#\/schema\/logo\/image\/\",\"url\":\"https:\/\/parktotravel.it\/wp-content\/uploads\/2022\/08\/cropped-Senza-titolo-2_Tavola-disegno-1-copia-5_Tavola-disegno-1.png\",\"contentUrl\":\"https:\/\/parktotravel.it\/wp-content\/uploads\/2022\/08\/cropped-Senza-titolo-2_Tavola-disegno-1-copia-5_Tavola-disegno-1.png\",\"width\":1994,\"height\":1989,\"caption\":\"Park to travel\"},\"image\":{\"@id\":\"https:\/\/parktotravel.it\/#\/schema\/logo\/image\/\"}}]}<\/script>\n<!-- \/ Yoast SEO plugin. -->","yoast_head_json":{"title":"Il nostro parcheggio - Park to travel","robots":{"index":"index","follow":"follow","max-snippet":"max-snippet:-1","max-image-preview":"max-image-preview:large","max-video-preview":"max-video-preview:-1"},"canonical":"https:\/\/parktotravel.it\/?page_id=161","og_locale":"it_IT","og_type":"article","og_title":"Il nostro parcheggio - Park to travel","og_description":"PARCHEGGIO CASELLE AEROPORTO TORINO Il parcheggio di Park to Travel presso&nbsp;l&#8217;aeroporto di Torino Caselle&nbsp;\u00e8 la scelta ideale per la tua vacanza o viaggio di lavoro . Il nostro parcheggio offre una soluzione sicura e affidabile per la tua auto durante il tuo viaggio.Il nostro impegno per la sicurezza \u00e8 al primo posto. Il parcheggio di &hellip; Il nostro parcheggio Leggi altro &raquo;","og_url":"https:\/\/parktotravel.it\/?page_id=161","og_site_name":"Park to travel","article_modified_time":"2023-05-10T15:08:33+00:00","og_image":[{"url":"https:\/\/parktotravel.it\/wp-content\/uploads\/2022\/08\/navetta-aeroporto-torino-caselle-parcheggio-1024x576.png"}],"twitter_card":"summary_large_image","twitter_misc":{"Tempo di lettura stimato":"1 minuto"},"schema":{"@context":"https:\/\/schema.org","@graph":[{"@type":"WebPage","@id":"https:\/\/parktotravel.it\/?page_id=161","url":"https:\/\/parktotravel.it\/?page_id=161","name":"Il nostro parcheggio - Park to travel","isPartOf":{"@id":"https:\/\/parktotravel.it\/#website"},"datePublished":"2022-06-23T13:22:47+00:00","dateModified":"2023-05-10T15:08:33+00:00","breadcrumb":{"@id":"https:\/\/parktotravel.it\/?page_id=161#breadcrumb"},"inLanguage":"it-IT","potentialAction":[{"@type":"ReadAction","target":["https:\/\/parktotravel.it\/?page_id=161"]}]},{"@type":"BreadcrumbList","@id":"https:\/\/parktotravel.it\/?page_id=161#breadcrumb","itemListElement":[{"@type":"ListItem","position":1,"name":"Home","item":"https:\/\/parktotravel.it\/"},{"@type":"ListItem","position":2,"name":"Il nostro parcheggio"}]},{"@type":"WebSite","@id":"https:\/\/parktotravel.it\/#website","url":"https:\/\/parktotravel.it\/","name":"Park to travel","description":"Parcheggia e decolla","publisher":{"@id":"https:\/\/parktotravel.it\/#organization"},"potentialAction":[{"@type":"SearchAction","target":{"@type":"EntryPoint","urlTemplate":"https:\/\/parktotravel.it\/?s={search_term_string}"},"query-input":"required name=search_term_string"}],"inLanguage":"it-IT"},{"@type":"Organization","@id":"https:\/\/parktotravel.it\/#organization","name":"Park to travel","url":"https:\/\/parktotravel.it\/","sameAs":[],"logo":{"@type":"ImageObject","inLanguage":"it-IT","@id":"https:\/\/parktotravel.it\/#\/schema\/logo\/image\/","url":"https:\/\/parktotravel.it\/wp-content\/uploads\/2022\/08\/cropped-Senza-titolo-2_Tavola-disegno-1-copia-5_Tavola-disegno-1.png","contentUrl":"https:\/\/parktotravel.it\/wp-content\/uploads\/2022\/08\/cropped-Senza-titolo-2_Tavola-disegno-1-copia-5_Tavola-disegno-1.png","width":1994,"height":1989,"caption":"Park to travel"},"image":{"@id":"https:\/\/parktotravel.it\/#\/schema\/logo\/image\/"}}]}},"_links":{"self":[{"href":"https:\/\/parktotravel.it\/index.php?rest_route=\/wp\/v2\/pages\/161","targetHints":{"allow":["GET"]}}],"collection":[{"href":"https:\/\/parktotravel.it\/index.php?rest_route=\/wp\/v2\/pages"}],"about":[{"href":"https:\/\/parktotravel.it\/index.php?rest_route=\/wp\/v2\/types\/page"}],"author":[{"embeddable":true,"href":"https:\/\/parktotravel.it\/index.php?rest_route=\/wp\/v2\/users\/2"}],"replies":[{"embeddable":true,"href":"https:\/\/parktotravel.it\/index.php?rest_route=%2Fwp%2Fv2%2Fcomments&post=161"}],"version-history":[{"count":25,"href":"https:\/\/parktotravel.it\/index.php?rest_route=\/wp\/v2\/pages\/161\/revisions"}],"predecessor-version":[{"id":325,"href":"https:\/\/parktotravel.it\/index.php?rest_route=\/wp\/v2\/pages\/161\/revisions\/325"}],"wp:attachment":[{"href":"https:\/\/parktotravel.it\/index.php?rest_route=%2Fwp%2Fv2%2Fmedia&parent=161"}],"curies":[{"name":"wp","href":"https:\/\/api.w.org\/{rel}","templated":true}]}}